{"id":1066,"date":"2026-01-23T12:51:00","date_gmt":"2026-01-23T12:51:00","guid":{"rendered":"https:\/\/www.adacs.hu\/?page_id=1066"},"modified":"2026-01-26T08:24:58","modified_gmt":"2026-01-26T08:24:58","slug":"2026-evi-orszaggyulesi-valasztasok-valasztasi-szervek","status":"publish","type":"page","link":"https:\/\/www.adacs.hu\/?page_id=1066","title":{"rendered":"2026. \u00e9vi orsz\u00e1ggy\u0171l\u00e9si v\u00e1laszt\u00e1sok &#8211; v\u00e1laszt\u00e1si szervek"},"content":{"rendered":"\n<p>Helyi v\u00e1laszt\u00e1si iroda\u00a0vezet\u0151: dr. Kiss\u00a0 L\u00e1szl\u00f3<br><br>c\u00edme: 3292 Ad\u00e1cs, Szabads\u00e1g t\u00e9r 1.<br>e-mail:\u00a0<a href=\"mailto:adacsph@gmail.com\" target=\"_blank\" rel=\"noreferrer noopener\">adacsph@gmail.com<\/a><br>Tel: 37\/350-001<br><br><strong>Helyi v\u00e1laszt\u00e1si\u00a0bizotts\u00e1g Ad\u00e1cson \u00e9s Ludason nem m\u0171k\u00f6dik.<\/strong><\/p>\n","protected":false},"excerpt":{"rendered":"<p>Helyi v\u00e1laszt\u00e1si iroda\u00a0vezet\u0151: dr. Kiss\u00a0 L\u00e1szl\u00f3 c\u00edme: 3292 Ad\u00e1cs, Szabads\u00e1g t\u00e9r 1.e-mail:\u00a0adacsph@gmail.comTel: 37\/350-001 Helyi v\u00e1laszt\u00e1si\u00a0bizotts\u00e1g Ad\u00e1cson \u00e9s Ludason nem m\u0171k\u00f6dik.<\/p>\n","protected":false},"author":1,"featured_media":1067,"parent":0,"menu_order":0,"comment_status":"closed","ping_status":"closed","template":"","meta":{"footnotes":""},"class_list":["post-1066","page","type-page","status-publish","has-post-thumbnail","hentry"],"_links":{"self":[{"href":"https:\/\/www.adacs.hu\/index.php?rest_route=\/wp\/v2\/pages\/1066","targetHints":{"allow":["GET"]}}],"collection":[{"href":"https:\/\/www.adacs.hu\/index.php?rest_route=\/wp\/v2\/pages"}],"about":[{"href":"https:\/\/www.adacs.hu\/index.php?rest_route=\/wp\/v2\/types\/page"}],"author":[{"embeddable":true,"href":"https:\/\/www.adacs.hu\/index.php?rest_route=\/wp\/v2\/users\/1"}],"replies":[{"embeddable":true,"href":"https:\/\/www.adacs.hu\/index.php?rest_route=%2Fwp%2Fv2%2Fcomments&post=1066"}],"version-history":[{"count":2,"href":"https:\/\/www.adacs.hu\/index.php?rest_route=\/wp\/v2\/pages\/1066\/revisions"}],"predecessor-version":[{"id":1070,"href":"https:\/\/www.adacs.hu\/index.php?rest_route=\/wp\/v2\/pages\/1066\/revisions\/1070"}],"wp:featuredmedia":[{"embeddable":true,"href":"https:\/\/www.adacs.hu\/index.php?rest_route=\/wp\/v2\/media\/1067"}],"wp:attachment":[{"href":"https:\/\/www.adacs.hu\/index.php?rest_route=%2Fwp%2Fv2%2Fmedia&parent=1066"}],"curies":[{"name":"wp","href":"https:\/\/api.w.org\/{rel}","templated":true}]}}