{"id":1099,"date":"2026-05-06T07:31:57","date_gmt":"2026-05-06T07:31:57","guid":{"rendered":"https:\/\/www.adacs.hu\/?page_id=1099"},"modified":"2026-05-06T07:31:57","modified_gmt":"2026-05-06T07:31:57","slug":"adatvedelem","status":"publish","type":"page","link":"https:\/\/www.adacs.hu\/?page_id=1099","title":{"rendered":"Adatv\u00e9delem"},"content":{"rendered":"\n<ul class=\"wp-block-list\">\n<li><a href=\"https:\/\/www.adacs.hu\/wp-content\/uploads\/2026\/05\/Ludas-weboldal-tajekoztato.docx\">Ludas weboldal t\u00e1j\u00e9koztat\u00f3<\/a><\/li>\n\n\n\n<li><a href=\"https:\/\/www.adacs.hu\/wp-content\/uploads\/2026\/05\/Adatvedelmi-es-adatkezelesi-szabalyzat.docx-masolata-A.pdf\">Adatv\u00e9delem \u00e9s adatkezel\u00e9si szab\u00e1lyzat<\/a><\/li>\n\n\n\n<li><a href=\"https:\/\/www.adacs.hu\/wp-content\/uploads\/2026\/05\/Adacs-weboldal-tajekoztato.docx\">Ad\u00e1cs weboldal t\u00e1j\u00e9koztat\u00f3<\/a><\/li>\n<\/ul>\n","protected":false},"excerpt":{"rendered":"","protected":false},"author":1,"featured_media":0,"parent":0,"menu_order":0,"comment_status":"closed","ping_status":"closed","template":"","meta":{"footnotes":""},"class_list":["post-1099","page","type-page","status-publish","hentry"],"_links":{"self":[{"href":"https:\/\/www.adacs.hu\/index.php?rest_route=\/wp\/v2\/pages\/1099","targetHints":{"allow":["GET"]}}],"collection":[{"href":"https:\/\/www.adacs.hu\/index.php?rest_route=\/wp\/v2\/pages"}],"about":[{"href":"https:\/\/www.adacs.hu\/index.php?rest_route=\/wp\/v2\/types\/page"}],"author":[{"embeddable":true,"href":"https:\/\/www.adacs.hu\/index.php?rest_route=\/wp\/v2\/users\/1"}],"replies":[{"embeddable":true,"href":"https:\/\/www.adacs.hu\/index.php?rest_route=%2Fwp%2Fv2%2Fcomments&post=1099"}],"version-history":[{"count":1,"href":"https:\/\/www.adacs.hu\/index.php?rest_route=\/wp\/v2\/pages\/1099\/revisions"}],"predecessor-version":[{"id":1103,"href":"https:\/\/www.adacs.hu\/index.php?rest_route=\/wp\/v2\/pages\/1099\/revisions\/1103"}],"wp:attachment":[{"href":"https:\/\/www.adacs.hu\/index.php?rest_route=%2Fwp%2Fv2%2Fmedia&parent=1099"}],"curies":[{"name":"wp","href":"https:\/\/api.w.org\/{rel}","templated":true}]}}