{"id":864,"date":"2020-02-29T07:46:00","date_gmt":"2020-02-29T07:46:00","guid":{"rendered":"https:\/\/www.adacs.hu\/?page_id=864"},"modified":"2025-07-11T07:20:29","modified_gmt":"2025-07-11T07:20:29","slug":"hirdetmenyek","status":"publish","type":"page","link":"https:\/\/www.adacs.hu\/?page_id=864","title":{"rendered":"Hirdetm\u00e9nyek"},"content":{"rendered":"\n<p><a href=\"https:\/\/www.adacs.hu\/wp-content\/uploads\/2025\/07\/Olga-Major-hatarozat.pdf\">Hirdetm\u00e9ny az \u00f6nt\u00f6z\u00e9sr\u0151l &#8211; elj\u00e1r\u00e1s lez\u00e1r\u00e1sa<\/a> (2025. j\u00falius 9.)<\/p>\n\n\n\n<p><a href=\"https:\/\/www.adacs.hu\/wp-content\/uploads\/2025\/04\/Kozlemeny-ontozes.pdf\">Hirdetm\u00e9ny az \u00f6nt\u00f6z\u00e9sr\u0151l<\/a> (2025. \u00e1prilis 16.)<\/p>\n\n\n\n<p><a href=\"https:\/\/www.adacs.hu\/wp-content\/uploads\/2025\/04\/Hagyateki-hirdetmeny-Rais-Monika.pdf\" target=\"_blank\" rel=\"noreferrer noopener\">Hagyat\u00e9ki hirdetm\u00e9ny<\/a> (2025. \u00e1prilis 10.)<\/p>\n\n\n\n<p><a href=\"https:\/\/www.adacs.hu\/wp-content\/uploads\/2024\/02\/Kozjegyzoi-hirdetmeny.pdf\" target=\"_blank\" rel=\"noreferrer noopener\">K\u00f6zjegyz\u0151i hirdetm\u00e9ny<\/a> (n\u00e9hai Somogyi Lajos)<\/p>\n","protected":false},"excerpt":{"rendered":"<p>Hirdetm\u00e9ny az \u00f6nt\u00f6z\u00e9sr\u0151l &#8211; elj\u00e1r\u00e1s lez\u00e1r\u00e1sa (2025. j\u00falius 9.) Hirdetm\u00e9ny az \u00f6nt\u00f6z\u00e9sr\u0151l (2025. \u00e1prilis 16.) Hagyat\u00e9ki hirdetm\u00e9ny (2025. \u00e1prilis 10.) K\u00f6zjegyz\u0151i hirdetm\u00e9ny (n\u00e9hai Somogyi Lajos)<\/p>\n","protected":false},"author":1,"featured_media":0,"parent":0,"menu_order":0,"comment_status":"closed","ping_status":"closed","template":"","meta":{"footnotes":""},"class_list":["post-864","page","type-page","status-publish","hentry"],"_links":{"self":[{"href":"https:\/\/www.adacs.hu\/index.php?rest_route=\/wp\/v2\/pages\/864","targetHints":{"allow":["GET"]}}],"collection":[{"href":"https:\/\/www.adacs.hu\/index.php?rest_route=\/wp\/v2\/pages"}],"about":[{"href":"https:\/\/www.adacs.hu\/index.php?rest_route=\/wp\/v2\/types\/page"}],"author":[{"embeddable":true,"href":"https:\/\/www.adacs.hu\/index.php?rest_route=\/wp\/v2\/users\/1"}],"replies":[{"embeddable":true,"href":"https:\/\/www.adacs.hu\/index.php?rest_route=%2Fwp%2Fv2%2Fcomments&post=864"}],"version-history":[{"count":6,"href":"https:\/\/www.adacs.hu\/index.php?rest_route=\/wp\/v2\/pages\/864\/revisions"}],"predecessor-version":[{"id":1026,"href":"https:\/\/www.adacs.hu\/index.php?rest_route=\/wp\/v2\/pages\/864\/revisions\/1026"}],"wp:attachment":[{"href":"https:\/\/www.adacs.hu\/index.php?rest_route=%2Fwp%2Fv2%2Fmedia&parent=864"}],"curies":[{"name":"wp","href":"https:\/\/api.w.org\/{rel}","templated":true}]}}